{"id":2,"date":"2021-05-21T12:14:22","date_gmt":"2021-05-21T10:14:22","guid":{"rendered":"http:\/\/gustavecoffee.fr\/?page_id=2"},"modified":"2021-06-13T21:41:33","modified_gmt":"2021-06-13T19:41:33","slug":"page-d-exemple","status":"publish","type":"page","link":"https:\/\/gustavecoffee.fr\/index.php\/page-d-exemple\/","title":{"rendered":"Qui sommes-nous?"},"content":{"rendered":"\t\t<div data-elementor-type=\"wp-page\" data-elementor-id=\"2\" class=\"elementor elementor-2\">\n\t\t\t\t\t\t\t\t\t<section class=\"elementor-section elementor-top-section elementor-element elementor-element-d0ffa04 elementor-section-boxed elementor-section-height-default elementor-section-height-default\" data-id=\"d0ffa04\" data-element_type=\"section\">\n\t\t\t\t\t\t<div class=\"elementor-container elementor-column-gap-default\">\n\t\t\t\t\t<div class=\"elementor-column elementor-col-100 elementor-top-column elementor-element elementor-element-e074710\" data-id=\"e074710\" data-element_type=\"column\">\n\t\t\t<div class=\"elementor-widget-wrap elementor-element-populated\">\n\t\t\t\t\t\t\t\t<div class=\"elementor-element elementor-element-d85067f elementor-widget elementor-widget-spacer\" data-id=\"d85067f\" data-element_type=\"widget\" data-widget_type=\"spacer.default\">\n\t\t\t\t<div class=\"elementor-widget-container\">\n\t\t\t\t\t<div class=\"elementor-spacer\">\n\t\t\t<div class=\"elementor-spacer-inner\"><\/div>\n\t\t<\/div>\n\t\t\t\t<\/div>\n\t\t\t\t<\/div>\n\t\t\t\t<div class=\"elementor-element elementor-element-6acdad2 elementor-widget elementor-widget-heading\" data-id=\"6acdad2\" data-element_type=\"widget\" data-widget_type=\"heading.default\">\n\t\t\t\t<div class=\"elementor-widget-container\">\n\t\t\t<h2 class=\"elementor-heading-title elementor-size-default\">Qui sommes-nous?<\/h2>\t\t<\/div>\n\t\t\t\t<\/div>\n\t\t\t\t<div class=\"elementor-element elementor-element-d9f71ed elementor-widget elementor-widget-spacer\" data-id=\"d9f71ed\" data-element_type=\"widget\" data-widget_type=\"spacer.default\">\n\t\t\t\t<div class=\"elementor-widget-container\">\n\t\t\t\t\t<div class=\"elementor-spacer\">\n\t\t\t<div class=\"elementor-spacer-inner\"><\/div>\n\t\t<\/div>\n\t\t\t\t<\/div>\n\t\t\t\t<\/div>\n\t\t\t\t<div class=\"elementor-element elementor-element-12c3fa1 elementor-widget elementor-widget-text-editor\" data-id=\"12c3fa1\" data-element_type=\"widget\" data-widget_type=\"text-editor.default\">\n\t\t\t\t<div class=\"elementor-widget-container\">\n\t\t\t\t\t\t\t<p>Gustave coffee est un caf\u00e9 situ\u00e9 au coeur de la rue pi\u00e9tonne de Nice mais c\u2019est avant tout une rencontre, celle de Marion et Louis, deux voisins de palier unis par un go\u00fbt prononc\u00e9 pour l\u2019entreprenariat et le caf\u00e9.<\/p><p>Gus a \u00e9labor\u00e9 la majorit\u00e9 des recettes du concept et Marion la partie business.<\/p><p>Le caf\u00e9 ouvre ses portes pour la premi\u00e8re fois en Octobre 2019 \u00e0 Nice et depuis une grande histoire d&rsquo;amour a commenc\u00e9.<\/p><p>(D&rsquo;ailleurs le caf\u00e9 h\u00e9rite son nom du chat trop mignon de Marion \ud83d\ude42 !)<\/p>\t\t\t\t\t\t<\/div>\n\t\t\t\t<\/div>\n\t\t\t\t<div class=\"elementor-element elementor-element-073131a elementor-widget elementor-widget-spacer\" data-id=\"073131a\" data-element_type=\"widget\" data-widget_type=\"spacer.default\">\n\t\t\t\t<div class=\"elementor-widget-container\">\n\t\t\t\t\t<div class=\"elementor-spacer\">\n\t\t\t<div class=\"elementor-spacer-inner\"><\/div>\n\t\t<\/div>\n\t\t\t\t<\/div>\n\t\t\t\t<\/div>\n\t\t\t\t\t<\/div>\n\t\t<\/div>\n\t\t\t\t\t\t\t<\/div>\n\t\t<\/section>\n\t\t\t\t<section class=\"elementor-section elementor-top-section elementor-element elementor-element-89e6094 elementor-section-boxed elementor-section-height-default elementor-section-height-default\" data-id=\"89e6094\" data-element_type=\"section\">\n\t\t\t\t\t\t<div class=\"elementor-container elementor-column-gap-default\">\n\t\t\t\t\t<div class=\"elementor-column elementor-col-50 elementor-top-column elementor-element elementor-element-91d2a4d\" data-id=\"91d2a4d\" data-element_type=\"column\">\n\t\t\t<div class=\"elementor-widget-wrap elementor-element-populated\">\n\t\t\t\t\t\t\t\t<div class=\"elementor-element elementor-element-fb063a8 elementor-widget elementor-widget-image\" data-id=\"fb063a8\" data-element_type=\"widget\" data-widget_type=\"image.default\">\n\t\t\t\t<div class=\"elementor-widget-container\">\n\t\t\t\t\t\t\t\t\t\t\t\t\t\t\t<img width=\"1024\" height=\"683\" src=\"https:\/\/gustavecoffee.fr\/wp-content\/uploads\/2021\/06\/product-school-urVHqIv-__4-unsplash-1024x683.jpg\" class=\"attachment-large size-large\" alt=\"\" loading=\"lazy\" srcset=\"https:\/\/gustavecoffee.fr\/wp-content\/uploads\/2021\/06\/product-school-urVHqIv-__4-unsplash-1024x683.jpg 1024w, https:\/\/gustavecoffee.fr\/wp-content\/uploads\/2021\/06\/product-school-urVHqIv-__4-unsplash-300x200.jpg 300w, https:\/\/gustavecoffee.fr\/wp-content\/uploads\/2021\/06\/product-school-urVHqIv-__4-unsplash-768x512.jpg 768w, https:\/\/gustavecoffee.fr\/wp-content\/uploads\/2021\/06\/product-school-urVHqIv-__4-unsplash-1536x1024.jpg 1536w, https:\/\/gustavecoffee.fr\/wp-content\/uploads\/2021\/06\/product-school-urVHqIv-__4-unsplash-2048x1365.jpg 2048w, https:\/\/gustavecoffee.fr\/wp-content\/uploads\/2021\/06\/product-school-urVHqIv-__4-unsplash-1320x880.jpg 1320w, https:\/\/gustavecoffee.fr\/wp-content\/uploads\/2021\/06\/product-school-urVHqIv-__4-unsplash-600x400.jpg 600w\" sizes=\"(max-width: 1024px) 100vw, 1024px\" \/>\t\t\t\t\t\t\t\t\t\t\t\t\t\t\t<\/div>\n\t\t\t\t<\/div>\n\t\t\t\t\t<\/div>\n\t\t<\/div>\n\t\t\t\t<div class=\"elementor-column elementor-col-50 elementor-top-column elementor-element elementor-element-5a89268\" data-id=\"5a89268\" data-element_type=\"column\">\n\t\t\t<div class=\"elementor-widget-wrap elementor-element-populated\">\n\t\t\t\t\t\t\t\t<div class=\"elementor-element elementor-element-6d41914 elementor-widget elementor-widget-heading\" data-id=\"6d41914\" data-element_type=\"widget\" data-widget_type=\"heading.default\">\n\t\t\t\t<div class=\"elementor-widget-container\">\n\t\t\t<h2 class=\"elementor-heading-title elementor-size-default\">La fondatrice<\/h2>\t\t<\/div>\n\t\t\t\t<\/div>\n\t\t\t\t<div class=\"elementor-element elementor-element-684ccf2 elementor-widget elementor-widget-text-editor\" data-id=\"684ccf2\" data-element_type=\"widget\" data-widget_type=\"text-editor.default\">\n\t\t\t\t<div class=\"elementor-widget-container\">\n\t\t\t\t\t\t\t<p>Passionn\u00e9e de caf\u00e9 depuis toujours, la cr\u00e9atrice de Gustave coffee, Marion a enfin r\u00e9alis\u00e9 son r\u00eave et a d\u00e9velopp\u00e9 sa propre marque.\u00a0<\/p><p>Vous pouvez d\u00e8s \u00e0 pr\u00e9sent acheter sur notre site le caf\u00e9 servi en boutique.<\/p>\t\t\t\t\t\t<\/div>\n\t\t\t\t<\/div>\n\t\t\t\t<div class=\"elementor-element elementor-element-df9d3dd elementor-align-center elementor-widget elementor-widget-button\" data-id=\"df9d3dd\" data-element_type=\"widget\" data-widget_type=\"button.default\">\n\t\t\t\t<div class=\"elementor-widget-container\">\n\t\t\t\t\t<div class=\"elementor-button-wrapper\">\n\t\t\t<a href=\"https:\/\/gustavecoffee.fr\/index.php\/products\/\" class=\"elementor-button-link elementor-button elementor-size-sm\" role=\"button\">\n\t\t\t\t\t\t<span class=\"elementor-button-content-wrapper\">\n\t\t\t\t\t\t<span class=\"elementor-button-text\">D\u00e9couvrir<\/span>\n\t\t<\/span>\n\t\t\t\t\t<\/a>\n\t\t<\/div>\n\t\t\t\t<\/div>\n\t\t\t\t<\/div>\n\t\t\t\t\t<\/div>\n\t\t<\/div>\n\t\t\t\t\t\t\t<\/div>\n\t\t<\/section>\n\t\t\t\t<section class=\"elementor-section elementor-top-section elementor-element elementor-element-060f1cc elementor-section-boxed elementor-section-height-default elementor-section-height-default\" data-id=\"060f1cc\" data-element_type=\"section\">\n\t\t\t\t\t\t<div class=\"elementor-container elementor-column-gap-default\">\n\t\t\t\t\t<div class=\"elementor-column elementor-col-100 elementor-top-column elementor-element elementor-element-cad5647\" data-id=\"cad5647\" data-element_type=\"column\">\n\t\t\t<div class=\"elementor-widget-wrap elementor-element-populated\">\n\t\t\t\t\t\t\t\t<div class=\"elementor-element elementor-element-29075fc elementor-widget elementor-widget-spacer\" data-id=\"29075fc\" data-element_type=\"widget\" data-widget_type=\"spacer.default\">\n\t\t\t\t<div class=\"elementor-widget-container\">\n\t\t\t\t\t<div class=\"elementor-spacer\">\n\t\t\t<div class=\"elementor-spacer-inner\"><\/div>\n\t\t<\/div>\n\t\t\t\t<\/div>\n\t\t\t\t<\/div>\n\t\t\t\t\t<\/div>\n\t\t<\/div>\n\t\t\t\t\t\t\t<\/div>\n\t\t<\/section>\n\t\t\t\t<section class=\"elementor-section elementor-top-section elementor-element elementor-element-b9bf3fc elementor-section-boxed elementor-section-height-default elementor-section-height-default\" data-id=\"b9bf3fc\" data-element_type=\"section\">\n\t\t\t\t\t\t<div class=\"elementor-container elementor-column-gap-default\">\n\t\t\t\t\t<div class=\"elementor-column elementor-col-50 elementor-top-column elementor-element elementor-element-2f6f1b7\" data-id=\"2f6f1b7\" data-element_type=\"column\">\n\t\t\t<div class=\"elementor-widget-wrap elementor-element-populated\">\n\t\t\t\t\t\t\t\t<div class=\"elementor-element elementor-element-85b0d80 elementor-widget elementor-widget-heading\" data-id=\"85b0d80\" data-element_type=\"widget\" data-widget_type=\"heading.default\">\n\t\t\t\t<div class=\"elementor-widget-container\">\n\t\t\t<h2 class=\"elementor-heading-title elementor-size-default\">Le Barman<\/h2>\t\t<\/div>\n\t\t\t\t<\/div>\n\t\t\t\t<div class=\"elementor-element elementor-element-2213815 elementor-widget elementor-widget-text-editor\" data-id=\"2213815\" data-element_type=\"widget\" data-widget_type=\"text-editor.default\">\n\t\t\t\t<div class=\"elementor-widget-container\">\n\t\t\t\t\t\t\t<p>Inventif, passionn\u00e9 et expert, Louis est notre homme \u00e0 tout faire. Il g\u00e8re les boissons mais aussi les petites p\u00e2tisseries de temps \u00e0 autre.<\/p><p>Marion et Louis sont extr\u00eamement heureux de vous accueillir au Gustave Coffee.<\/p>\t\t\t\t\t\t<\/div>\n\t\t\t\t<\/div>\n\t\t\t\t\t<\/div>\n\t\t<\/div>\n\t\t\t\t<div class=\"elementor-column elementor-col-50 elementor-top-column elementor-element elementor-element-0811bd5\" data-id=\"0811bd5\" data-element_type=\"column\">\n\t\t\t<div class=\"elementor-widget-wrap elementor-element-populated\">\n\t\t\t\t\t\t\t\t<div class=\"elementor-element elementor-element-d4ea2ba elementor-widget elementor-widget-image\" data-id=\"d4ea2ba\" data-element_type=\"widget\" data-widget_type=\"image.default\">\n\t\t\t\t<div class=\"elementor-widget-container\">\n\t\t\t\t\t\t\t\t\t\t\t\t\t\t\t<img width=\"1024\" height=\"670\" src=\"https:\/\/gustavecoffee.fr\/wp-content\/uploads\/2021\/06\/john-fornander-M90pw4lYmHU-unsplash-1024x670.jpg\" class=\"attachment-large size-large\" alt=\"\" loading=\"lazy\" srcset=\"https:\/\/gustavecoffee.fr\/wp-content\/uploads\/2021\/06\/john-fornander-M90pw4lYmHU-unsplash-1024x670.jpg 1024w, https:\/\/gustavecoffee.fr\/wp-content\/uploads\/2021\/06\/john-fornander-M90pw4lYmHU-unsplash-300x196.jpg 300w, https:\/\/gustavecoffee.fr\/wp-content\/uploads\/2021\/06\/john-fornander-M90pw4lYmHU-unsplash-768x503.jpg 768w, https:\/\/gustavecoffee.fr\/wp-content\/uploads\/2021\/06\/john-fornander-M90pw4lYmHU-unsplash-1536x1005.jpg 1536w, https:\/\/gustavecoffee.fr\/wp-content\/uploads\/2021\/06\/john-fornander-M90pw4lYmHU-unsplash-1320x864.jpg 1320w, https:\/\/gustavecoffee.fr\/wp-content\/uploads\/2021\/06\/john-fornander-M90pw4lYmHU-unsplash-600x393.jpg 600w, https:\/\/gustavecoffee.fr\/wp-content\/uploads\/2021\/06\/john-fornander-M90pw4lYmHU-unsplash.jpg 2000w\" sizes=\"(max-width: 1024px) 100vw, 1024px\" \/>\t\t\t\t\t\t\t\t\t\t\t\t\t\t\t<\/div>\n\t\t\t\t<\/div>\n\t\t\t\t\t<\/div>\n\t\t<\/div>\n\t\t\t\t\t\t\t<\/div>\n\t\t<\/section>\n\t\t\t\t\t\t\t<\/div>\n\t\t","protected":false},"excerpt":{"rendered":"<p>Qui sommes-nous? Gustave coffee est un caf\u00e9 situ\u00e9 au coeur de la rue pi\u00e9tonne de Nice mais c\u2019est avant tout une rencontre, celle de Marion et Louis, deux voisins de palier unis par un go\u00fbt prononc\u00e9 pour l\u2019entreprenariat et le caf\u00e9. Gus a \u00e9labor\u00e9 la majorit\u00e9 des recettes du concept et Marion la partie business. [&hellip;]<\/p>\n","protected":false},"author":1,"featured_media":0,"parent":0,"menu_order":0,"comment_status":"closed","ping_status":"open","template":"blank-page-with-container.php","meta":[],"yoast_head":"<!-- This site is optimized with the Yoast SEO plugin v19.9 - https:\/\/yoast.com\/wordpress\/plugins\/seo\/ -->\n<title>Qui sommes-nous? - Gustave Coffee<\/title>\n<meta name=\"robots\" content=\"index, follow, max-snippet:-1, max-image-preview:large, max-video-preview:-1\" \/>\n<link rel=\"canonical\" href=\"https:\/\/gustavecoffee.fr\/index.php\/page-d-exemple\/\" \/>\n<meta property=\"og:locale\" content=\"fr_FR\" \/>\n<meta property=\"og:type\" content=\"article\" \/>\n<meta property=\"og:title\" content=\"Qui sommes-nous? - Gustave Coffee\" \/>\n<meta property=\"og:description\" content=\"Qui sommes-nous? Gustave coffee est un caf\u00e9 situ\u00e9 au coeur de la rue pi\u00e9tonne de Nice mais c\u2019est avant tout une rencontre, celle de Marion et Louis, deux voisins de palier unis par un go\u00fbt prononc\u00e9 pour l\u2019entreprenariat et le caf\u00e9. Gus a \u00e9labor\u00e9 la majorit\u00e9 des recettes du concept et Marion la partie business. [&hellip;]\" \/>\n<meta property=\"og:url\" content=\"https:\/\/gustavecoffee.fr\/index.php\/page-d-exemple\/\" \/>\n<meta property=\"og:site_name\" content=\"Gustave Coffee\" \/>\n<meta property=\"article:modified_time\" content=\"2021-06-13T19:41:33+00:00\" \/>\n<meta property=\"og:image\" content=\"https:\/\/gustavecoffee.fr\/wp-content\/uploads\/2021\/06\/product-school-urVHqIv-__4-unsplash-1024x683.jpg\" \/>\n<meta name=\"twitter:card\" content=\"summary_large_image\" \/>\n<meta name=\"twitter:label1\" content=\"Dur\u00e9e de lecture estim\u00e9e\" \/>\n\t<meta name=\"twitter:data1\" content=\"2 minutes\" \/>\n<script type=\"application\/ld+json\" class=\"yoast-schema-graph\">{\"@context\":\"https:\/\/schema.org\",\"@graph\":[{\"@type\":\"WebPage\",\"@id\":\"https:\/\/gustavecoffee.fr\/index.php\/page-d-exemple\/\",\"url\":\"https:\/\/gustavecoffee.fr\/index.php\/page-d-exemple\/\",\"name\":\"Qui sommes-nous? - Gustave Coffee\",\"isPartOf\":{\"@id\":\"https:\/\/gustavecoffee.fr\/#website\"},\"datePublished\":\"2021-05-21T10:14:22+00:00\",\"dateModified\":\"2021-06-13T19:41:33+00:00\",\"breadcrumb\":{\"@id\":\"https:\/\/gustavecoffee.fr\/index.php\/page-d-exemple\/#breadcrumb\"},\"inLanguage\":\"fr-FR\",\"potentialAction\":[{\"@type\":\"ReadAction\",\"target\":[\"https:\/\/gustavecoffee.fr\/index.php\/page-d-exemple\/\"]}]},{\"@type\":\"BreadcrumbList\",\"@id\":\"https:\/\/gustavecoffee.fr\/index.php\/page-d-exemple\/#breadcrumb\",\"itemListElement\":[{\"@type\":\"ListItem\",\"position\":1,\"name\":\"Accueil\",\"item\":\"https:\/\/gustavecoffee.fr\/\"},{\"@type\":\"ListItem\",\"position\":2,\"name\":\"Qui sommes-nous?\"}]},{\"@type\":\"WebSite\",\"@id\":\"https:\/\/gustavecoffee.fr\/#website\",\"url\":\"https:\/\/gustavecoffee.fr\/\",\"name\":\"Gustave Coffee\",\"description\":\"\",\"potentialAction\":[{\"@type\":\"SearchAction\",\"target\":{\"@type\":\"EntryPoint\",\"urlTemplate\":\"https:\/\/gustavecoffee.fr\/?s={search_term_string}\"},\"query-input\":\"required name=search_term_string\"}],\"inLanguage\":\"fr-FR\"}]}<\/script>\n<!-- \/ Yoast SEO plugin. -->","yoast_head_json":{"title":"Qui sommes-nous? - Gustave Coffee","robots":{"index":"index","follow":"follow","max-snippet":"max-snippet:-1","max-image-preview":"max-image-preview:large","max-video-preview":"max-video-preview:-1"},"canonical":"https:\/\/gustavecoffee.fr\/index.php\/page-d-exemple\/","og_locale":"fr_FR","og_type":"article","og_title":"Qui sommes-nous? - Gustave Coffee","og_description":"Qui sommes-nous? Gustave coffee est un caf\u00e9 situ\u00e9 au coeur de la rue pi\u00e9tonne de Nice mais c\u2019est avant tout une rencontre, celle de Marion et Louis, deux voisins de palier unis par un go\u00fbt prononc\u00e9 pour l\u2019entreprenariat et le caf\u00e9. Gus a \u00e9labor\u00e9 la majorit\u00e9 des recettes du concept et Marion la partie business. [&hellip;]","og_url":"https:\/\/gustavecoffee.fr\/index.php\/page-d-exemple\/","og_site_name":"Gustave Coffee","article_modified_time":"2021-06-13T19:41:33+00:00","og_image":[{"url":"https:\/\/gustavecoffee.fr\/wp-content\/uploads\/2021\/06\/product-school-urVHqIv-__4-unsplash-1024x683.jpg"}],"twitter_card":"summary_large_image","twitter_misc":{"Dur\u00e9e de lecture estim\u00e9e":"2 minutes"},"schema":{"@context":"https:\/\/schema.org","@graph":[{"@type":"WebPage","@id":"https:\/\/gustavecoffee.fr\/index.php\/page-d-exemple\/","url":"https:\/\/gustavecoffee.fr\/index.php\/page-d-exemple\/","name":"Qui sommes-nous? - Gustave Coffee","isPartOf":{"@id":"https:\/\/gustavecoffee.fr\/#website"},"datePublished":"2021-05-21T10:14:22+00:00","dateModified":"2021-06-13T19:41:33+00:00","breadcrumb":{"@id":"https:\/\/gustavecoffee.fr\/index.php\/page-d-exemple\/#breadcrumb"},"inLanguage":"fr-FR","potentialAction":[{"@type":"ReadAction","target":["https:\/\/gustavecoffee.fr\/index.php\/page-d-exemple\/"]}]},{"@type":"BreadcrumbList","@id":"https:\/\/gustavecoffee.fr\/index.php\/page-d-exemple\/#breadcrumb","itemListElement":[{"@type":"ListItem","position":1,"name":"Accueil","item":"https:\/\/gustavecoffee.fr\/"},{"@type":"ListItem","position":2,"name":"Qui sommes-nous?"}]},{"@type":"WebSite","@id":"https:\/\/gustavecoffee.fr\/#website","url":"https:\/\/gustavecoffee.fr\/","name":"Gustave Coffee","description":"","potentialAction":[{"@type":"SearchAction","target":{"@type":"EntryPoint","urlTemplate":"https:\/\/gustavecoffee.fr\/?s={search_term_string}"},"query-input":"required name=search_term_string"}],"inLanguage":"fr-FR"}]}},"_links":{"self":[{"href":"https:\/\/gustavecoffee.fr\/index.php\/wp-json\/wp\/v2\/pages\/2"}],"collection":[{"href":"https:\/\/gustavecoffee.fr\/index.php\/wp-json\/wp\/v2\/pages"}],"about":[{"href":"https:\/\/gustavecoffee.fr\/index.php\/wp-json\/wp\/v2\/types\/page"}],"author":[{"embeddable":true,"href":"https:\/\/gustavecoffee.fr\/index.php\/wp-json\/wp\/v2\/users\/1"}],"replies":[{"embeddable":true,"href":"https:\/\/gustavecoffee.fr\/index.php\/wp-json\/wp\/v2\/comments?post=2"}],"version-history":[{"count":45,"href":"https:\/\/gustavecoffee.fr\/index.php\/wp-json\/wp\/v2\/pages\/2\/revisions"}],"predecessor-version":[{"id":410,"href":"https:\/\/gustavecoffee.fr\/index.php\/wp-json\/wp\/v2\/pages\/2\/revisions\/410"}],"wp:attachment":[{"href":"https:\/\/gustavecoffee.fr\/index.php\/wp-json\/wp\/v2\/media?parent=2"}],"curies":[{"name":"wp","href":"https:\/\/api.w.org\/{rel}","templated":true}]}}