{"id":29,"date":"2021-05-28T11:12:21","date_gmt":"2021-05-28T09:12:21","guid":{"rendered":"http:\/\/gustavecoffee.fr\/?page_id=29"},"modified":"2021-06-13T21:44:47","modified_gmt":"2021-06-13T19:44:47","slug":"accueil","status":"publish","type":"page","link":"https:\/\/gustavecoffee.fr\/","title":{"rendered":""},"content":{"rendered":"\t\t<div data-elementor-type=\"wp-page\" data-elementor-id=\"29\" class=\"elementor elementor-29\">\n\t\t\t\t\t\t\t\t\t<section class=\"elementor-section elementor-top-section elementor-element elementor-element-1e93d3c elementor-section-full_width elementor-section-stretched elementor-section-height-default elementor-section-height-default\" data-id=\"1e93d3c\" data-element_type=\"section\" data-settings=\"{&quot;stretch_section&quot;:&quot;section-stretched&quot;}\">\n\t\t\t\t\t\t<div class=\"elementor-container elementor-column-gap-default\">\n\t\t\t\t\t<div class=\"elementor-column elementor-col-50 elementor-top-column elementor-element elementor-element-dbfffa5\" data-id=\"dbfffa5\" data-element_type=\"column\">\n\t\t\t<div class=\"elementor-widget-wrap elementor-element-populated\">\n\t\t\t\t\t\t\t\t<div class=\"elementor-element elementor-element-abd196a elementor-widget elementor-widget-text-editor\" data-id=\"abd196a\" data-element_type=\"widget\" data-widget_type=\"text-editor.default\">\n\t\t\t\t<div class=\"elementor-widget-container\">\n\t\t\t\t\t\t\t<p>D\u00e9gustez votre caf\u00e9 en toute s\u00e9r\u00e9nit\u00e9<\/p>\t\t\t\t\t\t<\/div>\n\t\t\t\t<\/div>\n\t\t\t\t<div class=\"elementor-element elementor-element-368739f elementor-widget elementor-widget-heading\" data-id=\"368739f\" data-element_type=\"widget\" data-widget_type=\"heading.default\">\n\t\t\t\t<div class=\"elementor-widget-container\">\n\t\t\t<h2 class=\"elementor-heading-title elementor-size-default\">Gustave\ncoffee<\/h2>\t\t<\/div>\n\t\t\t\t<\/div>\n\t\t\t\t\t<\/div>\n\t\t<\/div>\n\t\t\t\t<div class=\"elementor-column elementor-col-50 elementor-top-column elementor-element elementor-element-1f5f75b\" data-id=\"1f5f75b\" data-element_type=\"column\">\n\t\t\t<div class=\"elementor-widget-wrap elementor-element-populated\">\n\t\t\t\t\t\t\t\t<div class=\"elementor-element elementor-element-c3d2809 elementor-widget elementor-widget-image\" data-id=\"c3d2809\" data-element_type=\"widget\" data-widget_type=\"image.default\">\n\t\t\t\t<div class=\"elementor-widget-container\">\n\t\t\t\t\t\t\t\t\t\t\t\t\t\t\t<img width=\"563\" height=\"621\" src=\"https:\/\/gustavecoffee.fr\/wp-content\/uploads\/2021\/06\/accueil.jpg\" class=\"attachment-medium_large size-medium_large\" alt=\"\" loading=\"lazy\" srcset=\"https:\/\/gustavecoffee.fr\/wp-content\/uploads\/2021\/06\/accueil.jpg 563w, https:\/\/gustavecoffee.fr\/wp-content\/uploads\/2021\/06\/accueil-272x300.jpg 272w\" sizes=\"(max-width: 563px) 100vw, 563px\" \/>\t\t\t\t\t\t\t\t\t\t\t\t\t\t\t<\/div>\n\t\t\t\t<\/div>\n\t\t\t\t\t<\/div>\n\t\t<\/div>\n\t\t\t\t\t\t\t<\/div>\n\t\t<\/section>\n\t\t\t\t<section class=\"elementor-section elementor-top-section elementor-element elementor-element-cf293d5 elementor-section-boxed elementor-section-height-default elementor-section-height-default\" data-id=\"cf293d5\" data-element_type=\"section\">\n\t\t\t\t\t\t<div class=\"elementor-container elementor-column-gap-default\">\n\t\t\t\t\t<div class=\"elementor-column elementor-col-100 elementor-top-column elementor-element elementor-element-b4b0067\" data-id=\"b4b0067\" data-element_type=\"column\">\n\t\t\t<div class=\"elementor-widget-wrap elementor-element-populated\">\n\t\t\t\t\t\t\t\t<div class=\"elementor-element elementor-element-689a786 elementor-widget elementor-widget-spacer\" data-id=\"689a786\" data-element_type=\"widget\" data-widget_type=\"spacer.default\">\n\t\t\t\t<div class=\"elementor-widget-container\">\n\t\t\t\t\t<div class=\"elementor-spacer\">\n\t\t\t<div class=\"elementor-spacer-inner\"><\/div>\n\t\t<\/div>\n\t\t\t\t<\/div>\n\t\t\t\t<\/div>\n\t\t\t\t<div class=\"elementor-element elementor-element-f1644e1 elementor-widget elementor-widget-heading\" data-id=\"f1644e1\" data-element_type=\"widget\" data-widget_type=\"heading.default\">\n\t\t\t\t<div class=\"elementor-widget-container\">\n\t\t\t<h2 class=\"elementor-heading-title elementor-size-default\">Nos produits phares<\/h2>\t\t<\/div>\n\t\t\t\t<\/div>\n\t\t\t\t<div class=\"elementor-element elementor-element-a4e8616 elementor-widget elementor-widget-spacer\" data-id=\"a4e8616\" data-element_type=\"widget\" data-widget_type=\"spacer.default\">\n\t\t\t\t<div class=\"elementor-widget-container\">\n\t\t\t\t\t<div class=\"elementor-spacer\">\n\t\t\t<div class=\"elementor-spacer-inner\"><\/div>\n\t\t<\/div>\n\t\t\t\t<\/div>\n\t\t\t\t<\/div>\n\t\t\t\t<div class=\"elementor-element elementor-element-aafb633 elementor-widget elementor-widget-spacer\" data-id=\"aafb633\" data-element_type=\"widget\" data-widget_type=\"spacer.default\">\n\t\t\t\t<div class=\"elementor-widget-container\">\n\t\t\t\t\t<div class=\"elementor-spacer\">\n\t\t\t<div class=\"elementor-spacer-inner\"><\/div>\n\t\t<\/div>\n\t\t\t\t<\/div>\n\t\t\t\t<\/div>\n\t\t\t\t\t<\/div>\n\t\t<\/div>\n\t\t\t\t\t\t\t<\/div>\n\t\t<\/section>\n\t\t\t\t<section class=\"elementor-section elementor-top-section elementor-element elementor-element-eef46ed elementor-section-full_width elementor-section-stretched elementor-section-height-default elementor-section-height-default\" data-id=\"eef46ed\" data-element_type=\"section\" data-settings=\"{&quot;stretch_section&quot;:&quot;section-stretched&quot;,&quot;background_background&quot;:&quot;classic&quot;}\">\n\t\t\t\t\t\t<div class=\"elementor-container elementor-column-gap-default\">\n\t\t\t\t\t<div class=\"elementor-column elementor-col-50 elementor-top-column elementor-element elementor-element-3e26e8c\" data-id=\"3e26e8c\" data-element_type=\"column\">\n\t\t\t<div class=\"elementor-widget-wrap elementor-element-populated\">\n\t\t\t\t\t\t\t\t<div class=\"elementor-element elementor-element-7f11835 elementor-widget elementor-widget-image\" data-id=\"7f11835\" data-element_type=\"widget\" data-widget_type=\"image.default\">\n\t\t\t\t<div class=\"elementor-widget-container\">\n\t\t\t\t\t\t\t\t\t\t\t\t\t\t\t<img width=\"768\" height=\"632\" src=\"https:\/\/gustavecoffee.fr\/wp-content\/uploads\/2021\/06\/Coffee-Bag-1-2-768x632.png\" class=\"attachment-medium_large size-medium_large\" alt=\"\" loading=\"lazy\" srcset=\"https:\/\/gustavecoffee.fr\/wp-content\/uploads\/2021\/06\/Coffee-Bag-1-2-768x632.png 768w, https:\/\/gustavecoffee.fr\/wp-content\/uploads\/2021\/06\/Coffee-Bag-1-2-300x247.png 300w, https:\/\/gustavecoffee.fr\/wp-content\/uploads\/2021\/06\/Coffee-Bag-1-2-1024x842.png 1024w, https:\/\/gustavecoffee.fr\/wp-content\/uploads\/2021\/06\/Coffee-Bag-1-2-1536x1263.png 1536w, https:\/\/gustavecoffee.fr\/wp-content\/uploads\/2021\/06\/Coffee-Bag-1-2-2048x1684.png 2048w, https:\/\/gustavecoffee.fr\/wp-content\/uploads\/2021\/06\/Coffee-Bag-1-2-1320x1086.png 1320w, https:\/\/gustavecoffee.fr\/wp-content\/uploads\/2021\/06\/Coffee-Bag-1-2-600x494.png 600w\" sizes=\"(max-width: 768px) 100vw, 768px\" \/>\t\t\t\t\t\t\t\t\t\t\t\t\t\t\t<\/div>\n\t\t\t\t<\/div>\n\t\t\t\t\t<\/div>\n\t\t<\/div>\n\t\t\t\t<div class=\"elementor-column elementor-col-50 elementor-top-column elementor-element elementor-element-22a7dde\" data-id=\"22a7dde\" data-element_type=\"column\">\n\t\t\t<div class=\"elementor-widget-wrap elementor-element-populated\">\n\t\t\t\t\t\t\t\t<div class=\"elementor-element elementor-element-10c4e7b elementor-widget elementor-widget-heading\" data-id=\"10c4e7b\" data-element_type=\"widget\" data-widget_type=\"heading.default\">\n\t\t\t\t<div class=\"elementor-widget-container\">\n\t\t\t<h2 class=\"elementor-heading-title elementor-size-default\">Nous accompagnons nos caf\u00e9iculteurs<\/h2>\t\t<\/div>\n\t\t\t\t<\/div>\n\t\t\t\t<div class=\"elementor-element elementor-element-27d5559 elementor-widget elementor-widget-text-editor\" data-id=\"27d5559\" data-element_type=\"widget\" data-widget_type=\"text-editor.default\">\n\t\t\t\t<div class=\"elementor-widget-container\">\n\t\t\t\t\t\t\t<p>Nous accompagons les caf\u00e9iculteurs sur le terrain et ach\u00e8tons le caf\u00e9 30 \u00e0 40% plus cher que le prix du march\u00e9 pour p\u00e9renniser la culture du caf\u00e9 de haute qualit\u00e9 et am\u00e9liorer les conditions de vie des caf\u00e9iculteurs.<\/p>\t\t\t\t\t\t<\/div>\n\t\t\t\t<\/div>\n\t\t\t\t\t<\/div>\n\t\t<\/div>\n\t\t\t\t\t\t\t<\/div>\n\t\t<\/section>\n\t\t\t\t<section class=\"elementor-section elementor-top-section elementor-element elementor-element-f90f19f elementor-section-full_width elementor-section-stretched elementor-section-height-default elementor-section-height-default\" data-id=\"f90f19f\" data-element_type=\"section\" data-settings=\"{&quot;stretch_section&quot;:&quot;section-stretched&quot;}\">\n\t\t\t\t\t\t<div class=\"elementor-container elementor-column-gap-default\">\n\t\t\t\t\t<div class=\"elementor-column elementor-col-100 elementor-top-column elementor-element elementor-element-27b21a8\" data-id=\"27b21a8\" data-element_type=\"column\">\n\t\t\t<div class=\"elementor-widget-wrap elementor-element-populated\">\n\t\t\t\t\t\t\t\t<div class=\"elementor-element elementor-element-960f1a9 elementor-widget elementor-widget-spacer\" data-id=\"960f1a9\" data-element_type=\"widget\" data-widget_type=\"spacer.default\">\n\t\t\t\t<div class=\"elementor-widget-container\">\n\t\t\t\t\t<div class=\"elementor-spacer\">\n\t\t\t<div class=\"elementor-spacer-inner\"><\/div>\n\t\t<\/div>\n\t\t\t\t<\/div>\n\t\t\t\t<\/div>\n\t\t\t\t<div class=\"elementor-element elementor-element-1460a94 elementor-widget elementor-widget-heading\" data-id=\"1460a94\" data-element_type=\"widget\" data-widget_type=\"heading.default\">\n\t\t\t\t<div class=\"elementor-widget-container\">\n\t\t\t<h2 class=\"elementor-heading-title elementor-size-default\">Le Menu<\/h2>\t\t<\/div>\n\t\t\t\t<\/div>\n\t\t\t\t<div class=\"elementor-element elementor-element-090210e elementor-widget elementor-widget-spacer\" data-id=\"090210e\" data-element_type=\"widget\" data-widget_type=\"spacer.default\">\n\t\t\t\t<div class=\"elementor-widget-container\">\n\t\t\t\t\t<div class=\"elementor-spacer\">\n\t\t\t<div class=\"elementor-spacer-inner\"><\/div>\n\t\t<\/div>\n\t\t\t\t<\/div>\n\t\t\t\t<\/div>\n\t\t\t\t<div class=\"elementor-element elementor-element-79b1b37 elementor-hidden-phone elementor-widget elementor-widget-image\" data-id=\"79b1b37\" data-element_type=\"widget\" data-widget_type=\"image.default\">\n\t\t\t\t<div class=\"elementor-widget-container\">\n\t\t\t\t\t\t\t\t\t\t\t\t\t\t\t<img width=\"1414\" height=\"2000\" src=\"https:\/\/gustavecoffee.fr\/wp-content\/uploads\/2021\/06\/Blanc-Raffine\u0301-cafe\u0301-Carte-Menu.jpg\" class=\"attachment-full size-full\" alt=\"\" loading=\"lazy\" srcset=\"https:\/\/gustavecoffee.fr\/wp-content\/uploads\/2021\/06\/Blanc-Raffine\u0301-cafe\u0301-Carte-Menu.jpg 1414w, https:\/\/gustavecoffee.fr\/wp-content\/uploads\/2021\/06\/Blanc-Raffine\u0301-cafe\u0301-Carte-Menu-212x300.jpg 212w, https:\/\/gustavecoffee.fr\/wp-content\/uploads\/2021\/06\/Blanc-Raffine\u0301-cafe\u0301-Carte-Menu-724x1024.jpg 724w, https:\/\/gustavecoffee.fr\/wp-content\/uploads\/2021\/06\/Blanc-Raffine\u0301-cafe\u0301-Carte-Menu-768x1086.jpg 768w, https:\/\/gustavecoffee.fr\/wp-content\/uploads\/2021\/06\/Blanc-Raffine\u0301-cafe\u0301-Carte-Menu-1086x1536.jpg 1086w, https:\/\/gustavecoffee.fr\/wp-content\/uploads\/2021\/06\/Blanc-Raffine\u0301-cafe\u0301-Carte-Menu-1320x1867.jpg 1320w, https:\/\/gustavecoffee.fr\/wp-content\/uploads\/2021\/06\/Blanc-Raffine\u0301-cafe\u0301-Carte-Menu-600x849.jpg 600w\" sizes=\"(max-width: 1414px) 100vw, 1414px\" \/>\t\t\t\t\t\t\t\t\t\t\t\t\t\t\t<\/div>\n\t\t\t\t<\/div>\n\t\t\t\t<div class=\"elementor-element elementor-element-984ae5d elementor-align-center elementor-widget elementor-widget-button\" data-id=\"984ae5d\" data-element_type=\"widget\" data-widget_type=\"button.default\">\n\t\t\t\t<div class=\"elementor-widget-container\">\n\t\t\t\t\t<div class=\"elementor-button-wrapper\">\n\t\t\t<a href=\"https:\/\/gustavecoffee.fr\/wp-content\/uploads\/2021\/06\/Blanc-Raffine\u0301-cafe\u0301-Carte-Menu.jpg\" target=\"_blank\" class=\"elementor-button-link elementor-button elementor-size-sm\" role=\"button\">\n\t\t\t\t\t\t<span class=\"elementor-button-content-wrapper\">\n\t\t\t\t\t\t<span class=\"elementor-button-text\">T\u00e9l\u00e9chargez<\/span>\n\t\t<\/span>\n\t\t\t\t\t<\/a>\n\t\t<\/div>\n\t\t\t\t<\/div>\n\t\t\t\t<\/div>\n\t\t\t\t<div class=\"elementor-element elementor-element-5cbd9e6 elementor-widget elementor-widget-spacer\" data-id=\"5cbd9e6\" data-element_type=\"widget\" data-widget_type=\"spacer.default\">\n\t\t\t\t<div class=\"elementor-widget-container\">\n\t\t\t\t\t<div class=\"elementor-spacer\">\n\t\t\t<div class=\"elementor-spacer-inner\"><\/div>\n\t\t<\/div>\n\t\t\t\t<\/div>\n\t\t\t\t<\/div>\n\t\t\t\t\t<\/div>\n\t\t<\/div>\n\t\t\t\t\t\t\t<\/div>\n\t\t<\/section>\n\t\t\t\t<section class=\"elementor-section elementor-top-section elementor-element elementor-element-3d29fea elementor-section-full_width elementor-section-stretched elementor-section-height-default elementor-section-height-default\" data-id=\"3d29fea\" data-element_type=\"section\" data-settings=\"{&quot;stretch_section&quot;:&quot;section-stretched&quot;,&quot;background_background&quot;:&quot;classic&quot;}\">\n\t\t\t\t\t\t<div class=\"elementor-container elementor-column-gap-default\">\n\t\t\t\t\t<div class=\"elementor-column elementor-col-50 elementor-top-column elementor-element elementor-element-25bac64\" data-id=\"25bac64\" data-element_type=\"column\">\n\t\t\t<div class=\"elementor-widget-wrap elementor-element-populated\">\n\t\t\t\t\t\t\t\t<div class=\"elementor-element elementor-element-9676095 elementor-widget elementor-widget-google_maps\" data-id=\"9676095\" data-element_type=\"widget\" data-widget_type=\"google_maps.default\">\n\t\t\t\t<div class=\"elementor-widget-container\">\n\t\t\t\t\t<div class=\"elementor-custom-embed\">\n\t\t\t<iframe frameborder=\"0\" scrolling=\"no\" marginheight=\"0\" marginwidth=\"0\"\n\t\t\t\t\tsrc=\"https:\/\/maps.google.com\/maps?q=1%20rue%20massena%2C06000%20NIce&#038;t=m&#038;z=15&#038;output=embed&#038;iwloc=near\"\n\t\t\t\t\ttitle=\"1 rue massena,06000 NIce\"\n\t\t\t\t\taria-label=\"1 rue massena,06000 NIce\"\n\t\t\t><\/iframe>\n\t\t<\/div>\n\t\t\t\t<\/div>\n\t\t\t\t<\/div>\n\t\t\t\t\t<\/div>\n\t\t<\/div>\n\t\t\t\t<div class=\"elementor-column elementor-col-50 elementor-top-column elementor-element elementor-element-9fde130\" data-id=\"9fde130\" data-element_type=\"column\">\n\t\t\t<div class=\"elementor-widget-wrap elementor-element-populated\">\n\t\t\t\t\t\t\t\t<div class=\"elementor-element elementor-element-de86bd0 elementor-widget elementor-widget-heading\" data-id=\"de86bd0\" data-element_type=\"widget\" data-widget_type=\"heading.default\">\n\t\t\t\t<div class=\"elementor-widget-container\">\n\t\t\t<h2 class=\"elementor-heading-title elementor-size-default\">Gustave Coffee<\/h2>\t\t<\/div>\n\t\t\t\t<\/div>\n\t\t\t\t<div class=\"elementor-element elementor-element-11614cb elementor-widget elementor-widget-text-editor\" data-id=\"11614cb\" data-element_type=\"widget\" data-widget_type=\"text-editor.default\">\n\t\t\t\t<div class=\"elementor-widget-container\">\n\t\t\t\t\t\t\t<p>1 rue Massena<\/p><p>06000 Nice<\/p><p>0432345678<\/p><p>\u00a0<\/p>\t\t\t\t\t\t<\/div>\n\t\t\t\t<\/div>\n\t\t\t\t\t<\/div>\n\t\t<\/div>\n\t\t\t\t\t\t\t<\/div>\n\t\t<\/section>\n\t\t\t\t\t\t\t<\/div>\n\t\t","protected":false},"excerpt":{"rendered":"<p>D\u00e9gustez votre caf\u00e9 en toute s\u00e9r\u00e9nit\u00e9 Gustave coffee Nos produits phares Nous accompagnons nos caf\u00e9iculteurs Nous accompagons les caf\u00e9iculteurs sur le terrain et ach\u00e8tons le caf\u00e9 30 \u00e0 40% plus cher que le prix du march\u00e9 pour p\u00e9renniser la culture du caf\u00e9 de haute qualit\u00e9 et am\u00e9liorer les conditions de vie des caf\u00e9iculteurs. Le Menu [&hellip;]<\/p>\n","protected":false},"author":1,"featured_media":0,"parent":0,"menu_order":0,"comment_status":"closed","ping_status":"closed","template":"fullwidth.php","meta":[],"yoast_head":"<!-- This site is optimized with the Yoast SEO plugin v19.9 - https:\/\/yoast.com\/wordpress\/plugins\/seo\/ -->\n<title>- Gustave Coffee<\/title>\n<meta name=\"robots\" content=\"index, follow, max-snippet:-1, max-image-preview:large, max-video-preview:-1\" \/>\n<link rel=\"canonical\" href=\"https:\/\/gustavecoffee.fr\/\" \/>\n<meta property=\"og:locale\" content=\"fr_FR\" \/>\n<meta property=\"og:type\" content=\"article\" \/>\n<meta property=\"og:title\" content=\"- Gustave Coffee\" \/>\n<meta property=\"og:description\" content=\"D\u00e9gustez votre caf\u00e9 en toute s\u00e9r\u00e9nit\u00e9 Gustave coffee Nos produits phares Nous accompagnons nos caf\u00e9iculteurs Nous accompagons les caf\u00e9iculteurs sur le terrain et ach\u00e8tons le caf\u00e9 30 \u00e0 40% plus cher que le prix du march\u00e9 pour p\u00e9renniser la culture du caf\u00e9 de haute qualit\u00e9 et am\u00e9liorer les conditions de vie des caf\u00e9iculteurs. Le Menu [&hellip;]\" \/>\n<meta property=\"og:url\" content=\"https:\/\/gustavecoffee.fr\/\" \/>\n<meta property=\"og:site_name\" content=\"Gustave Coffee\" \/>\n<meta property=\"article:modified_time\" content=\"2021-06-13T19:44:47+00:00\" \/>\n<meta property=\"og:image\" content=\"https:\/\/gustavecoffee.fr\/wp-content\/uploads\/2021\/06\/accueil.jpg\" \/>\n<meta name=\"twitter:card\" content=\"summary_large_image\" \/>\n<meta name=\"twitter:label1\" content=\"Dur\u00e9e de lecture estim\u00e9e\" \/>\n\t<meta name=\"twitter:data1\" content=\"2 minutes\" \/>\n<script type=\"application\/ld+json\" class=\"yoast-schema-graph\">{\"@context\":\"https:\/\/schema.org\",\"@graph\":[{\"@type\":\"WebPage\",\"@id\":\"https:\/\/gustavecoffee.fr\/\",\"url\":\"https:\/\/gustavecoffee.fr\/\",\"name\":\"- Gustave Coffee\",\"isPartOf\":{\"@id\":\"https:\/\/gustavecoffee.fr\/#website\"},\"datePublished\":\"2021-05-28T09:12:21+00:00\",\"dateModified\":\"2021-06-13T19:44:47+00:00\",\"inLanguage\":\"fr-FR\",\"potentialAction\":[{\"@type\":\"ReadAction\",\"target\":[\"https:\/\/gustavecoffee.fr\/\"]}]},{\"@type\":\"WebSite\",\"@id\":\"https:\/\/gustavecoffee.fr\/#website\",\"url\":\"https:\/\/gustavecoffee.fr\/\",\"name\":\"Gustave Coffee\",\"description\":\"\",\"potentialAction\":[{\"@type\":\"SearchAction\",\"target\":{\"@type\":\"EntryPoint\",\"urlTemplate\":\"https:\/\/gustavecoffee.fr\/?s={search_term_string}\"},\"query-input\":\"required name=search_term_string\"}],\"inLanguage\":\"fr-FR\"}]}<\/script>\n<!-- \/ Yoast SEO plugin. -->","yoast_head_json":{"title":"- Gustave Coffee","robots":{"index":"index","follow":"follow","max-snippet":"max-snippet:-1","max-image-preview":"max-image-preview:large","max-video-preview":"max-video-preview:-1"},"canonical":"https:\/\/gustavecoffee.fr\/","og_locale":"fr_FR","og_type":"article","og_title":"- Gustave Coffee","og_description":"D\u00e9gustez votre caf\u00e9 en toute s\u00e9r\u00e9nit\u00e9 Gustave coffee Nos produits phares Nous accompagnons nos caf\u00e9iculteurs Nous accompagons les caf\u00e9iculteurs sur le terrain et ach\u00e8tons le caf\u00e9 30 \u00e0 40% plus cher que le prix du march\u00e9 pour p\u00e9renniser la culture du caf\u00e9 de haute qualit\u00e9 et am\u00e9liorer les conditions de vie des caf\u00e9iculteurs. Le Menu [&hellip;]","og_url":"https:\/\/gustavecoffee.fr\/","og_site_name":"Gustave Coffee","article_modified_time":"2021-06-13T19:44:47+00:00","og_image":[{"url":"https:\/\/gustavecoffee.fr\/wp-content\/uploads\/2021\/06\/accueil.jpg"}],"twitter_card":"summary_large_image","twitter_misc":{"Dur\u00e9e de lecture estim\u00e9e":"2 minutes"},"schema":{"@context":"https:\/\/schema.org","@graph":[{"@type":"WebPage","@id":"https:\/\/gustavecoffee.fr\/","url":"https:\/\/gustavecoffee.fr\/","name":"- Gustave Coffee","isPartOf":{"@id":"https:\/\/gustavecoffee.fr\/#website"},"datePublished":"2021-05-28T09:12:21+00:00","dateModified":"2021-06-13T19:44:47+00:00","inLanguage":"fr-FR","potentialAction":[{"@type":"ReadAction","target":["https:\/\/gustavecoffee.fr\/"]}]},{"@type":"WebSite","@id":"https:\/\/gustavecoffee.fr\/#website","url":"https:\/\/gustavecoffee.fr\/","name":"Gustave Coffee","description":"","potentialAction":[{"@type":"SearchAction","target":{"@type":"EntryPoint","urlTemplate":"https:\/\/gustavecoffee.fr\/?s={search_term_string}"},"query-input":"required name=search_term_string"}],"inLanguage":"fr-FR"}]}},"_links":{"self":[{"href":"https:\/\/gustavecoffee.fr\/index.php\/wp-json\/wp\/v2\/pages\/29"}],"collection":[{"href":"https:\/\/gustavecoffee.fr\/index.php\/wp-json\/wp\/v2\/pages"}],"about":[{"href":"https:\/\/gustavecoffee.fr\/index.php\/wp-json\/wp\/v2\/types\/page"}],"author":[{"embeddable":true,"href":"https:\/\/gustavecoffee.fr\/index.php\/wp-json\/wp\/v2\/users\/1"}],"replies":[{"embeddable":true,"href":"https:\/\/gustavecoffee.fr\/index.php\/wp-json\/wp\/v2\/comments?post=29"}],"version-history":[{"count":117,"href":"https:\/\/gustavecoffee.fr\/index.php\/wp-json\/wp\/v2\/pages\/29\/revisions"}],"predecessor-version":[{"id":413,"href":"https:\/\/gustavecoffee.fr\/index.php\/wp-json\/wp\/v2\/pages\/29\/revisions\/413"}],"wp:attachment":[{"href":"https:\/\/gustavecoffee.fr\/index.php\/wp-json\/wp\/v2\/media?parent=29"}],"curies":[{"name":"wp","href":"https:\/\/api.w.org\/{rel}","templated":true}]}}